{"id":647,"date":"2022-04-11T07:50:35","date_gmt":"2022-04-11T07:50:35","guid":{"rendered":"https:\/\/hololimited.com\/?page_id=647"},"modified":"2022-04-20T12:31:23","modified_gmt":"2022-04-20T12:31:23","slug":"najem-holograma","status":"publish","type":"page","link":"https:\/\/hololimited.com\/de\/najem-holograma\/","title":{"rendered":"Vermietung Pflege"},"content":{"rendered":"<div class=\"wp-block-group alignfull full-height has-base-3-color has-black-background-color has-text-color has-background\"><div class=\"wp-block-group__inner-container is-layout-flow wp-block-group-is-layout-flow\">\n<div class=\"wp-block-columns is-layout-flex wp-container-core-columns-is-layout-9d6595d7 wp-block-columns-is-layout-flex\">\n<div class=\"wp-block-column is-vertically-aligned-center sm-mb-4em  sm-mt-5em is-layout-flow wp-block-column-is-layout-flow\" style=\"flex-basis:40%\">\n<h1 class=\"fnt72 has-base-3-color has-text-color wp-block-heading\">BEN\u00d6TIGEN SIE EIN HOLOGRAMM VON DER VERANSTALTUNG?<\/h1>\n\n\n\n<hr class=\"wp-block-separator\"\/>\n\n\n\n<p class=\"mb75\">Die Veranstaltungen sind eine gro\u00dfartige Gelegenheit, um zu sensibilisieren. Lassen Sie uns helfen Sie mit eine neue Art von <span class=\"pink\">hologramskega Werbung<\/span> weiter zu steigern und das Interesse Ihrer potenziellen Kunden!<br><\/p>\n\n\n\n<div class=\"wp-block-columns is-not-stacked-on-mobile is-layout-flex wp-container-core-columns-is-layout-9d6595d7 wp-block-columns-is-layout-flex\">\n<div class=\"wp-block-column is-layout-flow wp-block-column-is-layout-flow\">\n<a href=\"#povprasevanje-dogodki\" class=\"cta\">\n  <span>Nachfrage<\/span>\n  <svg width=\"13px\" height=\"10px\" viewbox=\"0 0 13 10\">\n    <path d=\"M1,5 L11,5\"><\/path>\n    <polyline points=\"8 1 12 5 8 9\"><\/polyline>\n  <\/svg>\n<\/a>\n<\/div>\n\n\n\n<div class=\"wp-block-column sm-ml0 is-layout-flow wp-block-column-is-layout-flow\">\n<a href=\"#vec-informacij\" class=\"cta outline\">\n  <span>Weitere Informationen<\/span>\n  <svg width=\"13px\" height=\"10px\" viewbox=\"0 0 13 10\">\n    <path d=\"M1,5 L11,5\"><\/path>\n    <polyline points=\"8 1 12 5 8 9\"><\/polyline>\n  <\/svg>\n<\/a>\n<\/div>\n<\/div>\n<\/div>\n\n\n\n<div class=\"wp-block-column halfimage is-layout-flow wp-block-column-is-layout-flow\" style=\"flex-basis:60%\">\n<figure class=\"wp-block-video\"><video height=\"1080\" style=\"aspect-ratio: 1080 \/ 1080;\" width=\"1080\" autoplay loop muted preload=\"auto\" src=\"https:\/\/hololimited.com\/wp-content\/uploads\/2022\/04\/hololimited_event_video_square.mp4\" playsinline><\/video><\/figure>\n<\/div>\n<\/div>\n<\/div><\/div>\n\n\n\n<div class=\"wp-block-group alignfull has-base-3-color has-black-background-color has-text-color has-background\" id=\"vec-informacij\"><div class=\"wp-block-group__inner-container is-layout-flow wp-block-group-is-layout-flow\">\n<div class=\"wp-block-columns is-layout-flex wp-container-core-columns-is-layout-9d6595d7 wp-block-columns-is-layout-flex\">\n<div class=\"wp-block-column is-vertically-aligned-center sm-mb-4em  sm-mt-5em is-layout-flow wp-block-column-is-layout-flow\" style=\"flex-basis:40%\">\n<p>Ihr Ziel ist es, traffic auf Ihren Stand auf der Messe, die Kunden ist die Ebene der Namen als sponsor der Veranstaltung, oder, um die Zeit der Verz\u00f6gerung auf dem Fenster mit seinem eigenen Produkt in die shopping-mall?<\/p>\n\n\n\n<p class=\"pink\">Holographische Stand ist verf\u00fcgbar in der Gr\u00f6\u00dfe \u2013 100cm, wird eine gro\u00dfe to-do von Ihrer eigenen Arbeit.<\/p>\n\n\n\n<p class=\"md-mb-75 hide-on-mobile\"><br><\/p>\n<\/div>\n\n\n\n<div class=\"wp-block-column halfimage is-layout-flow wp-block-column-is-layout-flow\" style=\"flex-basis:60%\"><\/div>\n<\/div>\n<\/div><\/div>\n\n\n\n<div class=\"wp-block-columns p120 is-layout-flex wp-container-core-columns-is-layout-9d6595d7 wp-block-columns-is-layout-flex\">\n<div class=\"wp-block-column is-layout-flow wp-block-column-is-layout-flow\">\n<figure class=\"wp-block-image size-full\"><img loading=\"lazy\" decoding=\"async\" width=\"555\" height=\"600\" src=\"https:\/\/hololimited.com\/wp-content\/uploads\/2022\/04\/hologramsko-oglasevanje-na-dogodku.jpg\" alt=\"\" class=\"wp-image-659\" srcset=\"https:\/\/hololimited.com\/wp-content\/uploads\/2022\/04\/hologramsko-oglasevanje-na-dogodku.jpg 555w, https:\/\/hololimited.com\/wp-content\/uploads\/2022\/04\/hologramsko-oglasevanje-na-dogodku-278x300.jpg 278w\" sizes=\"auto, (max-width: 555px) 100vw, 555px\" \/><\/figure>\n<\/div>\n\n\n\n<div class=\"wp-block-column md-pt-120 is-layout-flow wp-block-column-is-layout-flow\">\n<p>Unser team k\u00fcmmert sich um den fast-track installation der Pflege der \u017eeljenem der Website und personalisierte 3D-Animationen nach Ihren Vorgaben. Alles, was Sie brauchen, ist ein Ort, an dem Sie anwesend waren, und Strom.<\/p>\n\n\n\n<p class=\"pink mb-3em\">Rekrutieren Sie einen externen Ihrer eigenen, die Sie und izstopajte sich aus dem Durchschnitt!<\/p>\n\n\n\n<a href=\"#povprasevanje-dogodki\" class=\"cta black\">\n  <span>Nachfrage<\/span>\n  <svg width=\"13px\" height=\"10px\" viewbox=\"0 0 13 10\">\n    <path d=\"M1,5 L11,5\"><\/path>\n    <polyline points=\"8 1 12 5 8 9\"><\/polyline>\n  <\/svg>\n<\/a>\n\n\n\n<div class=\"wp-block-columns is-not-stacked-on-mobile is-layout-flex wp-container-core-columns-is-layout-9d6595d7 wp-block-columns-is-layout-flex\">\n<div class=\"wp-block-column is-layout-flow wp-block-column-is-layout-flow\"><\/div>\n<\/div>\n<\/div>\n<\/div>\n\n\n\n<div class=\"wp-block-group alignfull p120 has-background\" id=\"povprasevanje-dogodki\" style=\"background-color:#f4f4f4\"><div class=\"wp-block-group__inner-container is-layout-flow wp-block-group-is-layout-flow\">\n<h2 class=\"wp-block-heading\">NACHFRAGE<br>MIETEN SIE DEN HOLOGRAPHISCHEN STEHEN<\/h2>\n\n\n\n<div class=\"wp-block-contact-form-7-contact-form-selector\">\n<div class=\"wpcf7 no-js\" id=\"wpcf7-f680-o1\" lang=\"en-US\" dir=\"ltr\" data-wpcf7-id=\"680\">\n<div class=\"screen-reader-response\"><p role=\"status\" aria-live=\"polite\" aria-atomic=\"true\"><\/p> <ul><\/ul><\/div>\n<form action=\"\/de\/wp-json\/wp\/v2\/pages\/647#wpcf7-f680-o1\" method=\"post\" class=\"wpcf7-form init\" aria-label=\"Contact form\" novalidate=\"novalidate\" data-status=\"init\" data-trp-original-action=\"\/de\/wp-json\/wp\/v2\/pages\/647#wpcf7-f680-o1\">\n<fieldset class=\"hidden-fields-container\"><input type=\"hidden\" name=\"_wpcf7\" value=\"680\" \/><input type=\"hidden\" name=\"_wpcf7_version\" value=\"6.1.5\" \/><input type=\"hidden\" name=\"_wpcf7_locale\" value=\"en_US\" \/><input type=\"hidden\" name=\"_wpcf7_unit_tag\" value=\"wpcf7-f680-o1\" \/><input type=\"hidden\" name=\"_wpcf7_container_post\" value=\"0\" \/><input type=\"hidden\" name=\"_wpcf7_posted_data_hash\" value=\"\" \/><input type=\"hidden\" name=\"_wpcf7_recaptcha_response\" value=\"\" \/>\n<\/fieldset>\n<div class=\"newsletterSignUpFooter\">\n\t<div class=\"wp-block-columns\">\n\t\t<div class=\"wp-block-column\">\n\t\t\t<div class=\"form-group\">\n\t\t\t\t<p><span class=\"wpcf7-form-control-wrap\" data-name=\"your-name\"><input size=\"40\" maxlength=\"400\" class=\"wpcf7-form-control wpcf7-text wpcf7-validates-as-required form-control input-lg\" aria-required=\"true\" aria-invalid=\"false\" value=\"\" type=\"text\" name=\"your-name\" \/><\/span><label for=\"your-name\">Voller name<\/label>\n\t\t\t\t<\/p>\n\t\t\t<\/div>\n\t\t\t<div class=\"form-group\">\n\t\t\t\t<p><span class=\"wpcf7-form-control-wrap\" data-name=\"tel\"><input size=\"40\" maxlength=\"400\" class=\"wpcf7-form-control wpcf7-text form-control input-lg\" aria-invalid=\"false\" value=\"\" type=\"text\" name=\"tel\" \/><\/span><label for=\"your-name\">Ihr Telefon<\/label>\n\t\t\t\t<\/p>\n\t\t\t<\/div>\n\t\t<\/div>\n\t\t<div class=\"wp-block-column\">\n\t\t\t<div class=\"form-group\">\n\t\t\t\t<p><span class=\"wpcf7-form-control-wrap\" data-name=\"your-email\"><input size=\"40\" maxlength=\"400\" class=\"wpcf7-form-control wpcf7-email wpcf7-validates-as-required wpcf7-text wpcf7-validates-as-email form-control input-lg\" aria-required=\"true\" aria-invalid=\"false\" value=\"\" type=\"email\" name=\"your-email\" \/><\/span><label for=\"your-name\">E-mail<\/label>\n\t\t\t\t<\/p>\n\t\t\t<\/div>\n\t\t\t<div class=\"form-group\">\n\t\t\t\t<p><span class=\"wpcf7-form-control-wrap\" data-name=\"podjetje\"><input size=\"40\" maxlength=\"400\" class=\"wpcf7-form-control wpcf7-text wpcf7-validates-as-required form-control input-lg\" aria-required=\"true\" aria-invalid=\"false\" value=\"\" type=\"text\" name=\"podjetje\" \/><\/span><label for=\"your-name\">Der name des Unternehmens<\/label>\n\t\t\t\t<\/p>\n\t\t\t<\/div>\n\t\t<\/div>\n\t<\/div>\n\t<div class=\"wp-block-columns\">\n\t\t<div class=\"wp-block-column mb2em\">\n\t\t\t<div class=\"form-group message\">\n\t\t\t\t<p><span class=\"wpcf7-form-control-wrap\" data-name=\"message\"><textarea cols=\"40\" rows=\"2\" maxlength=\"2000\" class=\"wpcf7-form-control wpcf7-textarea form-control input-lg\" aria-invalid=\"false\" name=\"message\"><\/textarea><\/span><label for=\"your-name\">Nachricht<\/label>\n\t\t\t\t<\/p>\n\t\t\t<\/div>\n\t\t<\/div>\n\t<\/div>\n\t<div class=\"wp-block-columns acceptance\">\n\t\t<div class=\"wp-block-column mb2em\">\n\t\t\t<p><span class=\"wpcf7-form-control-wrap\" data-name=\"your-consent\"><span class=\"wpcf7-form-control wpcf7-acceptance\"><span class=\"wpcf7-list-item\"><label><input type=\"checkbox\" name=\"your-consent\" value=\"1\" aria-invalid=\"false\" \/><span class=\"wpcf7-list-item-label\">Ich Stimme den Allgemeinen Gesch\u00e4ftsbedingungen des Unternehmens Holo begrenzt.*.<\/span><\/label><\/span><\/span><\/span>\n\t\t\t<\/p>\n\t\t<\/div>\n\t<\/div>\n\t<p><small>Diese Website ist gesch\u00fctzt durch das reCAPTCHA und der Google <a style=\"color:#56AAF2;\" href=\"https:\/\/policies.google.com\/privacy\">Datenschutzerkl\u00e4rung<\/a> - und - <a style=\"color:#56AAF2;\" href=\"https:\/\/policies.google.com\/terms\">Terms of Service<\/a> gelten.<br \/>\n<\/small>\n\t<\/p>\n\t<div class=\"wp-block-columns\">\n\t\t<div class=\"wp-block-column\">\n\t\t\t<p><button type=\"submit\" class=\"cta black\"><span>Senden<\/span><svg width=\"13px\" height=\"10px\" viewbox=\"0 0 13 10\"><path d=\"M1,5 L11,5\"><\/path><polyline points=\"8 1 12 5 8 9\"><\/polyline>\n<\/svg><\/button><br \/>\n<img decoding=\"async\" class=\"ajax-loader\" src=\"\/wp-content\/plugins\/contact-form-7\/images\/ajax-loader.gif\" alt=\"Sending ...\" style=\"visibility: hidden; opacity: 1;\" \/>\n\t\t\t<\/p>\n\t\t<\/div>\n\t<\/div>\n<\/div><div class=\"wpcf7-response-output\" aria-hidden=\"true\"><\/div>\n<input type=\"hidden\" name=\"trp-form-language\" value=\"de\"\/><\/form>\n<\/div>\n<\/div>\n<\/div><\/div>","protected":false},"excerpt":{"rendered":"<p>POTREBUJETE HOLOGRAM NA DOGODKU? Dogodki so odli\u010dna prilo\u017enost za dvig prepoznavnosti. Naj vam pomagamo z novim na\u010dinom hologramskega ogla\u0161evanja \u0161e pove\u010dati zanimanje va\u0161ih potencialnih strank! Povpra\u0161evanje Ve\u010d informacij Va\u0161 cilj je pritegniti promet na svojo stojnico na sejmu, dvignit nivo imena kot sponzor na dogodku ali pove\u010dati \u010das zadr\u017eevanja na izlo\u017ebi s svojim izdelkom v &#8230; <a title=\"Vermietung Pflege\" class=\"read-more\" href=\"https:\/\/hololimited.com\/de\/najem-holograma\/\" aria-label=\"Mehr dazu unter Najem holograma\">Weiterlesen<\/a><\/p>","protected":false},"author":1,"featured_media":0,"parent":0,"menu_order":0,"comment_status":"closed","ping_status":"closed","template":"","meta":{"_editorskit_title_hidden":false,"_editorskit_reading_time":0,"_editorskit_is_block_options_detached":false,"_editorskit_block_options_position":"{}","footnotes":""},"class_list":["post-647","page","type-page","status-publish"],"_links":{"self":[{"href":"https:\/\/hololimited.com\/de\/wp-json\/wp\/v2\/pages\/647","targetHints":{"allow":["GET"]}}],"collection":[{"href":"https:\/\/hololimited.com\/de\/wp-json\/wp\/v2\/pages"}],"about":[{"href":"https:\/\/hololimited.com\/de\/wp-json\/wp\/v2\/types\/page"}],"author":[{"embeddable":true,"href":"https:\/\/hololimited.com\/de\/wp-json\/wp\/v2\/users\/1"}],"replies":[{"embeddable":true,"href":"https:\/\/hololimited.com\/de\/wp-json\/wp\/v2\/comments?post=647"}],"version-history":[{"count":39,"href":"https:\/\/hololimited.com\/de\/wp-json\/wp\/v2\/pages\/647\/revisions"}],"predecessor-version":[{"id":797,"href":"https:\/\/hololimited.com\/de\/wp-json\/wp\/v2\/pages\/647\/revisions\/797"}],"wp:attachment":[{"href":"https:\/\/hololimited.com\/de\/wp-json\/wp\/v2\/media?parent=647"}],"curies":[{"name":"wp","href":"https:\/\/api.w.org\/{rel}","templated":true}]}}